{"id":144,"date":"2018-04-11T09:06:43","date_gmt":"2018-04-11T07:06:43","guid":{"rendered":"http:\/\/134.158.130.108\/wordpress\/?page_id=144"},"modified":"2025-07-28T17:25:53","modified_gmt":"2025-07-28T15:25:53","slug":"petites-members","status":"publish","type":"page","link":"https:\/\/llrwebpepites.in2p3.fr\/wordpress\/index.php\/about-us\/petites-members\/","title":{"rendered":"PEPITES members"},"content":{"rendered":"<p><img loading=\"lazy\" decoding=\"async\" class=\"size-medium wp-image-171 aligncenter\" src=\"http:\/\/134.158.130.108\/wordpress\/wp-content\/uploads\/2018\/04\/PEPITES-LOGO-VF-SF-HR-WhiteLetters-300x188.png\" alt=\"\" width=\"300\" height=\"188\" srcset=\"https:\/\/llrwebpepites.in2p3.fr\/wordpress\/wp-content\/uploads\/2018\/04\/PEPITES-LOGO-VF-SF-HR-WhiteLetters-300x188.png 300w, https:\/\/llrwebpepites.in2p3.fr\/wordpress\/wp-content\/uploads\/2018\/04\/PEPITES-LOGO-VF-SF-HR-WhiteLetters-768x480.png 768w, https:\/\/llrwebpepites.in2p3.fr\/wordpress\/wp-content\/uploads\/2018\/04\/PEPITES-LOGO-VF-SF-HR-WhiteLetters-1024x640.png 1024w, https:\/\/llrwebpepites.in2p3.fr\/wordpress\/wp-content\/uploads\/2018\/04\/PEPITES-LOGO-VF-SF-HR-WhiteLetters.png 1417w\" sizes=\"auto, (max-width: 300px) 100vw, 300px\" \/><\/p>\n<ul>\n<li>\n<h1><a href=\"http:\/\/polywww.in2p3.fr\">Laboratoire Leprince-Ringuet<\/a> (LLR)<\/h1>\n<ul>\n<li>Lorenzo Bernardi<\/li>\n<li>R\u00e9mi Duhamel<\/li>\n<li>Fran\u00e7ois Joubert<\/li>\n<li>Franck Gastaldi<\/li>\n<li>R\u00e9mi Guillaumat<\/li>\n<li>Sadrack Tchuenkam Kamdem<\/li>\n<li>Christophe Thiebaux<\/li>\n<li>Marc Verderi (head)<\/li>\n<\/ul>\n<\/li>\n<\/ul>\n<hr \/>\n<p>Members of the former PEPITES ANR consortium are:<\/p>\n<ul>\n<li>\n<h1><a href=\"http:\/\/www.cyclotron-nantes.fr\/spip.php?rubrique85\" target=\"_blank\" rel=\"noopener\">Cyclotron ARRONAX<\/a><\/h1>\n<ul>\n<li>Ferid Haddad<\/li>\n<li>Charbel Koumeir<\/li>\n<li>Freddy Poirier<\/li>\n<li>No\u00ebl Servagent<\/li>\n<\/ul>\n<\/li>\n<\/ul>\n<ul>\n<li>\n<h1><a href=\"http:\/\/irfu.cea.fr\/index.php\" target=\"_blank\" rel=\"noopener\">CEA\/IRFU<\/a><\/h1>\n<ul>\n<li>Eric Delagnes<\/li>\n<li>Olivier G\u00e9vin<\/li>\n<\/ul>\n<\/li>\n<\/ul>\n","protected":false},"excerpt":{"rendered":"<p>Laboratoire Leprince-Ringuet (LLR) Lorenzo Bernardi R\u00e9mi Duhamel Fran\u00e7ois Joubert Franck Gastaldi R\u00e9mi Guillaumat Sadrack Tchuenkam Kamdem Christophe Thiebaux Marc Verderi (head) Members of the former PEPITES ANR consortium are: Cyclotron ARRONAX Ferid Haddad Charbel Koumeir Freddy Poirier No\u00ebl Servagent CEA\/IRFU Eric Delagnes Olivier G\u00e9vin<\/p>\n","protected":false},"author":2,"featured_media":0,"parent":47,"menu_order":0,"comment_status":"closed","ping_status":"closed","template":"","meta":{"_exactmetrics_skip_tracking":false,"_exactmetrics_sitenote_active":false,"_exactmetrics_sitenote_note":"","_exactmetrics_sitenote_category":0,"footnotes":""},"class_list":["post-144","page","type-page","status-publish","hentry"],"_links":{"self":[{"href":"https:\/\/llrwebpepites.in2p3.fr\/wordpress\/index.php\/wp-json\/wp\/v2\/pages\/144","targetHints":{"allow":["GET"]}}],"collection":[{"href":"https:\/\/llrwebpepites.in2p3.fr\/wordpress\/index.php\/wp-json\/wp\/v2\/pages"}],"about":[{"href":"https:\/\/llrwebpepites.in2p3.fr\/wordpress\/index.php\/wp-json\/wp\/v2\/types\/page"}],"author":[{"embeddable":true,"href":"https:\/\/llrwebpepites.in2p3.fr\/wordpress\/index.php\/wp-json\/wp\/v2\/users\/2"}],"replies":[{"embeddable":true,"href":"https:\/\/llrwebpepites.in2p3.fr\/wordpress\/index.php\/wp-json\/wp\/v2\/comments?post=144"}],"version-history":[{"count":19,"href":"https:\/\/llrwebpepites.in2p3.fr\/wordpress\/index.php\/wp-json\/wp\/v2\/pages\/144\/revisions"}],"predecessor-version":[{"id":679,"href":"https:\/\/llrwebpepites.in2p3.fr\/wordpress\/index.php\/wp-json\/wp\/v2\/pages\/144\/revisions\/679"}],"up":[{"embeddable":true,"href":"https:\/\/llrwebpepites.in2p3.fr\/wordpress\/index.php\/wp-json\/wp\/v2\/pages\/47"}],"wp:attachment":[{"href":"https:\/\/llrwebpepites.in2p3.fr\/wordpress\/index.php\/wp-json\/wp\/v2\/media?parent=144"}],"curies":[{"name":"wp","href":"https:\/\/api.w.org\/{rel}","templated":true}]}}